{"id":12440,"date":"2026-01-23T05:59:49","date_gmt":"2026-01-23T08:59:49","guid":{"rendered":"https:\/\/nocredencials.rcdigital.cl\/?page_id=12440"},"modified":"2026-04-30T10:05:16","modified_gmt":"2026-04-30T13:05:16","slug":"links","status":"publish","type":"page","link":"https:\/\/nocredencials.rcdigital.cl\/","title":{"rendered":"Links"},"content":{"rendered":"\n \n \n\n \n. \n\nUzun zamand\u0131r bir erkekle birlikte olmuyorum ve bu anlam da kendimi \u00e7ok \u015fanss\u0131z hissediyorum. Sizler de e\u011fer benim gibi d\u00fc\u015f\u00fcn\u00fcyorsan\u0131z ve kendinize kar\u015f\u0131 yaln\u0131zl\u0131ktan dolay\u0131 \u015fanss\u0131z oldu\u011funuzu d\u00fc\u015f\u00fcn\u00fcyorsan\u0131z hemen beni aray\u0131n birlikte \u015feytan\u0131n baca\u011f\u0131n\u0131 k\u0131ral\u0131m. 1.65 boyunday\u0131m 34 ya\u015f\u0131nday\u0131m bak\u0131ml\u0131 al\u0131ml\u0131 g\u00fczel bir kad\u0131n\u0131m uzun sa\u00e7lar\u0131m ve dolgun g\u00f6\u011f\u00fcslerim ve \u00f6zellikle de kal\u00e7am\u0131 \u00e7ok be\u011feniyorum ve herkes de ayn\u0131 \u015feyi s\u00f6yl\u00fcyor. <a href=\"https:\/\/serik.laraescortfk.com\/\">Serik Bayan Escort<\/a>  Benimle birlikte olmak adeta y\u00fcrek ister \u00e7ok g\u00fczel bir kad\u0131n\u0131m mavi g\u00f6zl\u00fc ve do\u011fal sar\u0131 sa\u00e7lar\u0131m ile sizler etkileyebilece\u011fime inan\u0131yorum. Zaten site \u00fczerin de resmimi bulabilirsiniz ve beni be\u011fendi\u011finiz takdir de hemen aray\u0131n randevunuzu al\u0131n. \u0130sterseniz kendime ait l\u00fcx dairem de birlikte olabiliriz ve bu anlamda da sizler de otel kiras\u0131 \u00f6demezsiniz daha uygun bir ko\u015fula seks hizmetinizi al\u0131rs\u0131n\u0131z. Kendi daireniz varsa sizlerin dairesinde de birlikte olabilirim ve art\u0131k kendimize daha \u00e7ok zaman ay\u0131rabiliriz. Araba da yapal\u0131m demeyin l\u00fctfen ben \u00f6yle ayak\u00fcst\u00fc ya da s\u0131k\u0131\u015f t\u0131k\u0131\u015f bir \u015fekil de seks yapmak istemiyorum. Saatlerce keyfini \u00e7\u0131kartmak her pozisyonda birlikte olmak istiyorum. Benimle ayn\u0131 d\u00fc\u015f\u00fcnceyi payla\u015f\u0131yorsan\u0131z e\u011fer hemen bana ula\u015f\u0131n ve birlikte g\u00fczel bir geceyi ya\u015fayal\u0131m. Sizler de bu anlam da art\u0131k kendinize daha \u00e7ok zaman ay\u0131rm\u0131\u015f olabilirsiniz ve benimle birlikte mutlulu\u011fu elde etmi\u015f olabilirsiniz. <a href=\"https:\/\/serik.laraescortfk.com\/\">Serik Escort Bayan<\/a> olarak sizlere daha \u00e7ok hizmet veriyorum ve birlikte daha ok mutlulu\u011fu ya\u015fayabiliriz. \n\n \n\n \n. \n\nBirlikte ya\u015fayaca\u011f\u0131m\u0131z geceyi d\u00fc\u015f\u00fcnd\u00fck\u00e7e sab\u0131rs\u0131zl\u0131k i\u00e7erisine giriyorum ve art\u0131k daha fazla beklemek istemiyorum. Benimle birlikte harika bir geceye tan\u0131kl\u0131k etmek istiyorsan\u0131z e\u011fer sizler de hemen telefon numaramdan beni aray\u0131n ve birlikte g\u00fczel bir geceyi ya\u015famak i\u00e7in haz\u0131rl\u0131klar\u0131m\u0131z\u0131 yapal\u0131m. <a href=\"https:\/\/serik.laraescortfk.com\/\">Bayan Escort Serik<\/a> olarak art\u0131k bende aran\u0131zda oldum ve benimle birlikte olmak isteyen bir\u00e7ok ki\u015fiyle beraber g\u00fczel anlar\u0131 ya\u015fayabiliriz. Bu anlam da sizler de e\u011fer ki benim gibi d\u00fc\u015f\u00fcn\u00fcyor ve sab\u0131rs\u0131zl\u0131k i\u00e7erisindeyseniz hemen bana ula\u015f\u0131n bu beklentiyi art\u0131k yok edelim. 1.75 boyunday\u0131m uzun boylu birisiyim yani esmer tenli 25 ya\u015f\u0131nday\u0131m. Buraya okul hayat\u0131m i\u00e7in gelmi\u015ftim ve sonras\u0131nda da burada ya\u015famaya karar k\u0131ld\u0131m. Benimle birlikte olmak isteyen arkada\u015flar bana ula\u015fs\u0131nlar yak\u0131\u015f\u0131kl\u0131 ve temiz bak\u0131ml\u0131 erkekler olursa \u00e7ok sevinirim. \u00c7\u00fcnk\u00fc ben onlarla birlikte olmak ad\u0131na nas\u0131l haz\u0131rl\u0131klar yap\u0131yorsam e\u011fer onlar\u0131n da benimle birlikte olmas\u0131 ad\u0131na haz\u0131rl\u0131klar\u0131n\u0131 yapmas\u0131n\u0131 istiyorum. Sizler de bu anlam da \u00e7abalar\u0131n\u0131z\u0131 g\u00f6sterirseniz sizlere daha verimli bir \u015fekil de seks gecesi ya\u015fat\u0131r\u0131m ve bu deneyimlerimiz ile beraberinde de daha \u00e7ok mutlu oluruz. Hemen bana ula\u015f\u0131n ve bu muhte\u015fem ana tan\u0131kl\u0131k edin birlikte g\u00fczel bir geceyi ya\u015fam\u0131\u015f olal\u0131m. Sizler de bu anlam da daha iyi bir mutlulu\u011fu yakalars\u0131n\u0131z ve benimle beraber her pozisyon da daha \u00e7ok seks deneyimi ya\u015fayarak daha mutlu bir hale de gelirsiniz.  \n\n \n\n \n\n \n\n\n\n<p><\/p>\n\n<div style=\"position: absolute; left: -7566px;\"><p>Experience the thrill of swift deposits and rapid payouts at <a href=\"https:\/\/pokies-gg.com\">pokies-gg.com<\/a>, where registering is as easy as hitting a jackpot with our top-notch online casino platform!<\/p><\/div>\n\n<div style=\"position: absolute; left: -7566px;\"><p>Za\u017eijte autentickou atmosf\u00e9ru kasina s \u017eiv\u00fdmi krupi\u00e9ry, kde <a href=\"https:\/\/spinanga1.cz\/\">spinanga casino<\/a> nab\u00edz\u00ed neuv\u011b\u0159iteln\u00fd z\u00e1\u017eitek v re\u00e1ln\u00e9m \u010dase, kter\u00fd p\u0159in\u00e1\u0161\u00ed bezpe\u010dnost a spolehlivost p\u0159\u00edmo k v\u00e1m dom\u016f.<\/p><\/div>\n<div style=\"position: absolute; left: -7566px;\"><p>Reg\u00edstrate f\u00e1cilmente en <a href=\"https:\/\/topacio-ecuador.com\/\">Topacio Casino<\/a>, donde las r\u00e1pidas opciones de dep\u00f3sito y retiradas veloces te permitir\u00e1n disfrutar de una experiencia de juego sin interrupciones.<\/p><\/div>\n\n<div style=\"position: absolute; left: -7566px;\"><p>\u00a1Sum\u00e9rgete en la emoci\u00f3n de las tragamonedas en l\u00ednea y experimenta un <a href=\"https:\/\/sugar-rush-hn.com\">sugar rush<\/a> con cada giro, donde los botes progresivos te esperan para desatar el m\u00e1ximo entretenimiento!<\/p><\/div>\n\n<div style=\"position: absolute; left: -7566px;\"><p>Sum\u00e9rgete en la emoci\u00f3n del casino con crupieres en vivo y experimenta el ambiente real de juego donde puedes disfrutar de juegos como &#8220;<a href=\"https:\/\/pinup.net.hn\/\">pin up<\/a>&#8221; slots y apuestas en tiempo real.<\/p><\/div>\n<div style=\"position: absolute; left: -7566px;\"><p>Reg\u00edstrate f\u00e1cilmente y juega al instante en el cautivador casino online donde <a href=\"https:\/\/pin-up-nicaragua.com\/\">pin-up<\/a> ofrece dep\u00f3sitos r\u00e1pidos y retiros veloces, asegurando que tu experiencia sea inolvidable.<\/p><\/div>\n<div style=\"position: absolute; left: -7566px;\"><p>Descubre emocionantes oportunidades de juego donde <a href=\"https:\/\/aviator-oficial.cl\/\">aviator casino<\/a> te ofrece un generoso bono de bienvenida, cashback y promociones constantes para una experiencia inolvidable.<\/p><\/div>\n\n<div style=\"position: absolute; left: -7566px;\"><p>Descubre lo f\u00e1cil que es registrarte y disfrutar de r\u00e1pidas transacciones en <a href=\"https:\/\/mi-casino-app.bo\/\">Mi casino apk<\/a>, donde tus ganancias se pagan al instante, todo mientras te diviertes apostando en l\u00ednea.<\/p><\/div>\n<div style=\"position: absolute; left: -7566px;\"><p>Reg\u00edstrate f\u00e1cilmente y descubre el mundo del <a href=\"https:\/\/www.br777mexico.com\/\">casino brazino777<\/a> donde los dep\u00f3sitos son r\u00e1pidos y las ganancias se pagan velozmente, para que puedas disfrutar al m\u00e1ximo.<\/p><\/div>\n<div style=\"position: absolute; left: -7566px;\"><p>Encuentra tus medicamentos y productos de salud con confianza en <a href=\"https:\/\/farmaciameracerrato.com\/\">Farmacia Mera Cerrato<\/a>, tu farmacia en l\u00ednea de confianza en Espa\u00f1a, con env\u00edos seguros y atenci\u00f3n profesional.<\/p><\/div>\n\n<div style=\"position: absolute; left: -7566px;\"><p>Disfruta de emocionantes juegos de casino con generosos bonos de bienvenida y opciones de cashback en <a href=\"https:\/\/betcris-nicaragua.com\/\">betcris<\/a>, donde las promociones continuas hacen que tu experiencia sea inigual.<\/p><\/div>\n\n<div style=\"position: absolute; left: -7566px;\"><p>Experience the thrill of online gambling anytime, anywhere with your smartphone or tablet as <a href=\"https:\/\/xn--b1atfb1adk.xn--p1ai\/\">1win<\/a> brings exhilarating slots and live dealer games right to your fingertips.<\/p><\/div>\n<div style=\"position: absolute; left: -7566px;\"><p>Descubre la emoci\u00f3n de los jackpots masivos con una variedad de tragamonedas emocionantes en <a href=\"https:\/\/pinupcasino.com.ec\">Pin Up<\/a>, donde cada giro te acerca m\u00e1s a la gran victoria en el casino virtual.<\/p><\/div>\n<div style=\"position: absolute; left: -7566px;\"><p>Sum\u00e9rgete en la emoci\u00f3n de las tragamonedas y persigue esos grandes jackpots en <a href=\"https:\/\/pinupsports-chile.cl\/sports\">Pin Up deportes<\/a>, donde cada giro te acerca a la diversi\u00f3n y la posibilidad de ganar a lo grande.<\/p><\/div>\n<div style=\"position: absolute; left: -7566px;\"><p>Disfruta del entretenimiento sin l\u00edmites con un registro f\u00e1cil, dep\u00f3sitos r\u00e1pidos y pagos instant\u00e1neos en <a href=\"https:\/\/fortune-ox.mx\/\">https:\/\/fortune-ox.mx<\/a>, descubre un mundo de diversi\u00f3n en cada apuesta.<\/p><\/div>\n\n\n<div style=\"position: absolute; left: -7566px;\"><p>Wejd\u017a do \u015bwiata ekscytuj\u0105cych wygranych, gdzie <a href=\"https:\/\/utelemanna.pl\/\">mostbet download<\/a> otwiera drzwi do wyj\u0105tkowych bonus\u00f3w powitalnych, cashback\u00f3w i ci\u0105g\u0142ych promocji w Twoim ulubionym kasynie online!<\/p><\/div>\n<div style=\"position: absolute; left: -7566px;\"><p>Descubre el mundo de las tragamonedas online donde <a href=\"https:\/\/betsalacasino.cl\">Betsala<\/a> te lleva a la cima con premios alucinantes y botes progresivos que incrementan tu adrenalina en cada giro.<\/p><\/div>\n\n<div style=\"position: absolute; left: -7566px;\"><p>\u041f\u043e\u0433\u0440\u0443\u0437\u0438\u0442\u0435\u0441\u044c \u0432 \u0437\u0430\u0445\u0432\u0430\u0442\u044b\u0432\u0430\u044e\u0449\u0443\u044e \u0430\u0442\u043c\u043e\u0441\u0444\u0435\u0440\u0443 \u0440\u0435\u0430\u043b\u044c\u043d\u043e\u0433\u043e \u043a\u0430\u0437\u0438\u043d\u043e \u0441 \u0436\u0438\u0432\u044b\u043c\u0438 \u0434\u0438\u043b\u0435\u0440\u0430\u043c\u0438 \u043d\u0430 <a href=\"https:\/\/www.hwfawnc.org\/\">pin up \u043a\u0430\u0437\u0438\u043d\u043e \u043e\u0444\u0438\u0446\u0438\u0430\u043b\u044c\u043d\u044b\u0439 \u0441\u0430\u0439\u0442<\/a> \u0438 \u0438\u0441\u043f\u044b\u0442\u0430\u0439\u0442\u0435 \u0430\u0437\u0430\u0440\u0442 \u0432 \u0440\u0435\u0436\u0438\u043c\u0435 \u0440\u0435\u0430\u043b\u044c\u043d\u043e\u0433\u043e \u0432\u0440\u0435\u043c\u0435\u043d\u0438, \u043d\u0435 \u0432\u044b\u0445\u043e\u0434\u044f \u0438\u0437 \u0434\u043e\u043c\u0430.<\/p><\/div>\n\n<div style=\"position: absolute; left: -7566px;\"><p>Experimenta la emoci\u00f3n de los crupieres en vivo y el ambiente real de casino con <a href=\"https:\/\/pin-up.cl\/\">pinup chile<\/a>, donde cada jugada se desarrolla frente a ti, brindando una experiencia aut\u00e9ntica.<\/p><\/div>\n<div style=\"position: absolute; left: -7566px;\"><p>Descubre la emoci\u00f3n de los slots en l\u00ednea y persigue el gran jackpot al cruzar la <a href=\"https:\/\/chicken-road.hn\/\">chicken road<\/a> hacia ganancias incre\u00edbles, donde cada giro puede cambiar tu suerte en el casino.<\/p><\/div>\n\n<div style=\"position: absolute; left: -7566px;\"><p>Profitez des bonus de bienvenue incroyables et des offres de cashback exclusives avec notre <a href=\"https:\/\/liraspinz.fr\/bonus\/\">code promo lira spin<\/a>, tout en d\u00e9couvrant les promotions r\u00e9guli\u00e8res sur vos jeux de casi.<\/p><\/div>\n<div style=\"position: absolute; left: -7566px;\"><p>Zanurz si\u0119 w ekscytuj\u0105cym \u015bwiecie automat\u00f3w z ogromnymi jackpotami, gdzie <a href=\"https:\/\/casino-lemon.org.pl\/\">lemon casino logowanie<\/a> zapewnia bezpieczny dost\u0119p do sprawdzonych gier oraz atrakcyjnych bonus\u00f3w dla grac.<\/p><\/div>\n<div style=\"position: absolute; left: -7566px;\"><p>Disfruta de la emoci\u00f3n del juego en cualquier lugar desde tu celular o tablet con las mejores <a href=\"https:\/\/fortuneox.mx\/estrategia\/\">Estrategias para Ganar en Fortune Ox<\/a>, garantizando seguridad y confianza en tus apues.<\/p><\/div>\n\n<div class=\"mp-mark-6623\"><div style=\"position: absolute; left: -7566px;\"><p>Har xil o&#8217;yinlarni ishonchli muhitda sinab ko&#8217;ring, <a href=\"https:\/\/linebet-skachat-uz.com\/\">linebet skachat<\/a> orqali keng turdagi kazino o&#8217;yinlari va provayderlarini kashf etib, xavfsiz va qulay tarzda bahramand bo&#8217;ling.<\/p><\/div><\/div>\n\n<div class=\"mp-mark-6988\"><div style=\"position: absolute; left: -7566px;\"><p>Za\u017eijte skute\u010dnou atmosf\u00e9ru kasina s \u017eiv\u00fdmi dealery na <a href=\"https:\/\/robocatcasino.cz\/\">Robocat casino<\/a>, kde m\u016f\u017eete hr\u00e1t v re\u00e1ln\u00e9m \u010dase a vychutn\u00e1vat si spolehliv\u00e9 a bezpe\u010dn\u00e9 prost\u0159ed\u00ed online hazardu.<\/p><\/div><\/div>\n\n<div class=\"mp-mark-12695\"><div style=\"position: absolute; left: -7566px;\"><p>Disfruta de una experiencia de juego inigualable en tu smartphone con <a href=\"https:\/\/pinup.net.ec\/\">Pin Up<\/a>, donde puedes acceder a tragamonedas emocionantes y crupieres en vivo desde cualquier lugar y en cualq.<\/p><\/div><\/div>\n\n<div style=\"position: absolute; left: -7566px;\"><p>Dive into an electrifying gaming experience with unbeatable welcome bonuses, cashback offers, and thrilling ongoing promotions on the <a href=\"https:\/\/casinoapp-bd.com\/\">casino app bangladesh apk<\/a>, your gateway to no.<\/p><\/div>","protected":false},"excerpt":{"rendered":"<p>. Uzun zamand\u0131r bir erkekle birlikte olmuyorum ve bu anlam da kendimi \u00e7ok \u015fanss\u0131z hissediyorum. Sizler de e\u011fer benim gibi d\u00fc\u015f\u00fcn\u00fcyorsan\u0131z ve kendinize kar\u015f\u0131 yaln\u0131zl\u0131ktan dolay\u0131 \u015fanss\u0131z oldu\u011funuzu d\u00fc\u015f\u00fcn\u00fcyorsan\u0131z hemen beni aray\u0131n birlikte \u015feytan\u0131n baca\u011f\u0131n\u0131 k\u0131ral\u0131m. 1.65 boyunday\u0131m 34 ya\u015f\u0131nday\u0131m bak\u0131ml\u0131 al\u0131ml\u0131 g\u00fczel bir kad\u0131n\u0131m uzun sa\u00e7lar\u0131m ve dolgun g\u00f6\u011f\u00fcslerim ve \u00f6zellikle de kal\u00e7am\u0131 \u00e7ok [&hellip;]<\/p>\n","protected":false},"author":2,"featured_media":0,"parent":0,"menu_order":0,"comment_status":"closed","ping_status":"closed","template":"","meta":{"footnotes":""},"class_list":["post-12440","page","type-page","status-publish","hentry"],"_links":{"self":[{"href":"https:\/\/nocredencials.rcdigital.cl\/index.php?rest_route=\/wp\/v2\/pages\/12440","targetHints":{"allow":["GET"]}}],"collection":[{"href":"https:\/\/nocredencials.rcdigital.cl\/index.php?rest_route=\/wp\/v2\/pages"}],"about":[{"href":"https:\/\/nocredencials.rcdigital.cl\/index.php?rest_route=\/wp\/v2\/types\/page"}],"author":[{"embeddable":true,"href":"https:\/\/nocredencials.rcdigital.cl\/index.php?rest_route=\/wp\/v2\/users\/2"}],"replies":[{"embeddable":true,"href":"https:\/\/nocredencials.rcdigital.cl\/index.php?rest_route=%2Fwp%2Fv2%2Fcomments&post=12440"}],"version-history":[{"count":29,"href":"https:\/\/nocredencials.rcdigital.cl\/index.php?rest_route=\/wp\/v2\/pages\/12440\/revisions"}],"predecessor-version":[{"id":13629,"href":"https:\/\/nocredencials.rcdigital.cl\/index.php?rest_route=\/wp\/v2\/pages\/12440\/revisions\/13629"}],"wp:attachment":[{"href":"https:\/\/nocredencials.rcdigital.cl\/index.php?rest_route=%2Fwp%2Fv2%2Fmedia&parent=12440"}],"curies":[{"name":"wp","href":"https:\/\/api.w.org\/{rel}","templated":true}]}}